{"id":5569,"date":"2024-11-15T19:36:46","date_gmt":"2024-11-15T19:36:46","guid":{"rendered":"https:\/\/newswire.mcomglobal.com\/?page_id=5569"},"modified":"2025-08-25T16:32:53","modified_gmt":"2025-08-25T16:32:53","slug":"pacotes","status":"publish","type":"page","link":"https:\/\/newswire.mcomglobal.com\/?page_id=5569","title":{"rendered":"Pacotes &#038; Servi\u00e7os"},"content":{"rendered":"\t\t<div data-elementor-type=\"wp-page\" data-elementor-id=\"5569\" class=\"elementor elementor-5569\" data-elementor-post-type=\"page\">\n\t\t\t\t<div class=\"elementor-element elementor-element-f155e4b e-flex e-con-boxed e-con e-parent\" data-id=\"f155e4b\" data-element_type=\"container\" data-e-type=\"container\">\n\t\t\t\t\t<div class=\"e-con-inner\">\n\t\t\t\t<div class=\"elementor-element elementor-element-d5de8d7 elementor-widget elementor-widget-heading\" data-id=\"d5de8d7\" data-element_type=\"widget\" data-e-type=\"widget\" data-widget_type=\"heading.default\">\n\t\t\t\t<div class=\"elementor-widget-container\">\n\t\t\t\t\t<h4 class=\"elementor-heading-title elementor-size-default\">Garanta seu nome e amplie o conhecimento do seu neg\u00f3cio atrav\u00e9s de artigos na m\u00eddia!<\/h4>\t\t\t\t<\/div>\n\t\t\t\t<\/div>\n\t\t\t\t<div class=\"elementor-element elementor-element-4591bc7 elementor-widget elementor-widget-text-editor\" data-id=\"4591bc7\" data-element_type=\"widget\" data-e-type=\"widget\" data-widget_type=\"text-editor.default\">\n\t\t\t\t<div class=\"elementor-widget-container\">\n\t\t\t\t\t\t\t\t\t<p>Um comunicado de imprensa \u00e9 uma ferramenta de comunica\u00e7\u00e3o para a divulga\u00e7\u00e3o de informa\u00e7\u00f5es cr\u00edticas, que podem ser uma apresenta\u00e7\u00e3o de uma empresa, um produto, um evento ou qualquer acontecimento de interesse p\u00fablico, lan\u00e7amento, e \u00e9 interessante que seja produzido pensando no formato da mensagem.<\/p><p>Para que o conte\u00fado seja usado na m\u00eddia impressa \u00e9 interessante que ele seja escrito de forma estrat\u00e9gica. Deve ser completo, ou seja, deve conter todas as informa\u00e7\u00f5es relevantes; al\u00e9m disso, objetivo, sem redund\u00e2ncia e com um t\u00edtulo que resuma tudo em no m\u00e1ximo duas linhas. Afinal, se n\u00e3o for atraente, o t\u00edtulo pode ser a primeira e a \u00faltima linha que algu\u00e9m vai ler.<\/p>\t\t\t\t\t\t\t\t<\/div>\n\t\t\t\t<\/div>\n\t\t\t\t<div class=\"elementor-element elementor-element-41b88bb elementor-widget elementor-widget-text-editor\" data-id=\"41b88bb\" data-element_type=\"widget\" data-e-type=\"widget\" data-widget_type=\"text-editor.default\">\n\t\t\t\t<div class=\"elementor-widget-container\">\n\t\t\t\t\t\t\t\t\t<p>Somos uma ag\u00eancia de not\u00edcias corporativas, por\u00e9m, bastante diferente das outras!\u00a0<strong>Todas as nossas mat\u00e9rias entram como 100% org\u00e2nica na m\u00eddia!<\/strong><\/p>\t\t\t\t\t\t\t\t<\/div>\n\t\t\t\t<\/div>\n\t\t\t\t<div class=\"elementor-element elementor-element-ae50957 elementor-widget elementor-widget-tp-heading\" data-id=\"ae50957\" data-element_type=\"widget\" data-e-type=\"widget\" data-widget_type=\"tp-heading.default\">\n\t\t\t\t<div class=\"elementor-widget-container\">\n\t\t\t\t\t\r\n\t\t\r\n         <!-- blog area start -->\r\n\t\t \t\t <div class=\"section__title-wrapper-10 tp-el-content tp-el-section text-center mb-45  \">\r\n\r\n\t\t\t\t\t\t\t<span class=\"section__title-pre-10 tp-el-subtitle\">\r\n\t\t\t\t\tOp\u00e7\u00f5es para todas as demandas\t\t\t\t<\/span>\r\n\t\t\t\r\n\t\t\t<h2 class=\"section__title-10 tp-el-title\">Conhe\u00e7a nossos pacotes<\/h2>\r\n\t\t\t\t\t\t<p><b>Formas de pagamento:<\/b> PIX e cart\u00e3o de cr\u00e9dito (PayPal)<\/p>\r\n\t\t\t\t\t<\/div>\r\n\t\t         <!-- blog area end -->\r\n\r\n\r\n\t\t\r\n        \t\t\t\t<\/div>\n\t\t\t\t<\/div>\n\t\t\t\t<div class=\"elementor-element elementor-element-1d2043b elementor-widget elementor-widget-text-editor\" data-id=\"1d2043b\" data-element_type=\"widget\" data-e-type=\"widget\" data-widget_type=\"text-editor.default\">\n\t\t\t\t<div class=\"elementor-widget-container\">\n\t\t\t\t\t\t\t\t\t<p><em>*<strong>Nenhuma das distribui\u00e7\u00f5es di\u00e1rias s\u00e3o acumulativas.<\/strong>\u00a0Voc\u00ea literalmente tem a quantidade de disparos para fazer por dia.<\/em><\/p>\t\t\t\t\t\t\t\t<\/div>\n\t\t\t\t<\/div>\n\t\t\t\t\t<\/div>\n\t\t\t\t<\/div>\n\t\t<div class=\"elementor-element elementor-element-cbf7286 e-flex e-con-boxed e-con e-parent\" data-id=\"cbf7286\" data-element_type=\"container\" data-e-type=\"container\">\n\t\t\t\t\t<div class=\"e-con-inner\">\n\t\t\t\t<div class=\"elementor-element elementor-element-6c06b72 elementor-widget elementor-widget-shortcode\" data-id=\"6c06b72\" data-element_type=\"widget\" data-e-type=\"widget\" data-widget_type=\"shortcode.default\">\n\t\t\t\t<div class=\"elementor-widget-container\">\n\t\t\t\t\t\t\t<div class=\"elementor-shortcode\"><div id=\"rpt_pricr\" class=\"rpt_plans rpt_4_plans rpt_style_basic\"><div class=\"\"><div class=\"rpt_plan  rpt_plugin_f rpt_plan_0  \"><div style=\"text-align:center;\" class=\"rpt_title rpt_title_0\">Single<\/div><div class=\"rpt_head rpt_head_0\"><div class=\"rpt_recurrence rpt_recurrence_0\">mensal<\/div><div class=\"rpt_price rpt_price_0\">R$ 300,00<\/div><div style=\"color:#009fc8;\" class=\"rpt_subtitle rpt_subtitle_0\">Trimestral: 3x de R$ 255,00<\/div><div class=\"rpt_description rpt_description_0\">Anual: 12x de R$ 240,00<\/div><\/div><div class=\"rpt_features rpt_features_0\"><div style=\"color:black;\" class=\"rpt_feature rpt_feature_0-0\">3 mat\u00e9rias por dia em 10 sites\r<\/div><div style=\"color:black;\" class=\"rpt_feature rpt_feature_0-1\">Publica\u00e7\u00f5es com at\u00e9 10 sites especificados (quando o cliente desejar publicar apenas em sites espec\u00edficos)\r<\/div><div style=\"color:black;\" class=\"rpt_feature rpt_feature_0-2\">3 publica\u00e7\u00f5es em sites internacionais por m\u00eas\r<\/div><div style=\"color:black;\" class=\"rpt_feature rpt_feature_0-3\">10% de desconto em qualquer produto da Moreira<\/div><\/div><a target=\"_blank\" href=\"https:\/\/wa.me\/5521996388055?text=Ol%C3%A1%21+Gostaria+de+saber+mais+sobre+o+plano+Moreira+Newswire\" style=\"background:#009fc8\" class=\"rpt_foot rpt_foot_0\">Saiba mais<\/a><\/div><div class=\"rpt_plan  rpt_plugin_f rpt_plan_1  \"><div style=\"text-align:center;\" class=\"rpt_title rpt_title_1\">Classic<\/div><div class=\"rpt_head rpt_head_1\"><div class=\"rpt_recurrence rpt_recurrence_1\">mensal<\/div><div class=\"rpt_price rpt_price_1\">R$ 350,00<\/div><div style=\"color:#f7941e;\" class=\"rpt_subtitle rpt_subtitle_1\">Trimestral: 3x de R$ 297,50<\/div><div class=\"rpt_description rpt_description_1\">Anual: 12x de R$ 280,00<\/div><\/div><div class=\"rpt_features rpt_features_1\"><div style=\"color:black;\" class=\"rpt_feature rpt_feature_1-0\">3 mat\u00e9rias por dia em 20 sites\r<\/div><div style=\"color:black;\" class=\"rpt_feature rpt_feature_1-1\">Publica\u00e7\u00f5es com at\u00e9 10 sites especificados (quando o cliente desejar publicar apenas em sites espec\u00edficos)\r<\/div><div style=\"color:black;\" class=\"rpt_feature rpt_feature_1-2\">3 publica\u00e7\u00f5es em sites internacionais por m\u00eas\r<\/div><div style=\"color:black;\" class=\"rpt_feature rpt_feature_1-3\">20% de desconto em qualquer produto da Moreira<\/div><\/div><a target=\"_blank\" href=\"https:\/\/wa.me\/5521996388055?text=Ol%C3%A1%21+Gostaria+de+saber+mais+sobre+o+plano+Moreira+Newswire\" style=\"background:#f7941e\" class=\"rpt_foot rpt_foot_1\">Saiba mais<\/a><\/div><div class=\"rpt_plan  rpt_plugin_f rpt_plan_2  \"><div style=\"text-align:center;\" class=\"rpt_title rpt_title_2\">One<\/div><div class=\"rpt_head rpt_head_2\"><div class=\"rpt_recurrence rpt_recurrence_2\">mensal<\/div><div class=\"rpt_price rpt_price_2\">R$ 441,40<\/div><div style=\"color:#009fc8;\" class=\"rpt_subtitle rpt_subtitle_2\">Trimestral: 3x de R$ 375,19<\/div><div class=\"rpt_description rpt_description_2\">Anual: 12x de R$ 353,12<\/div><\/div><div class=\"rpt_features rpt_features_2\"><div style=\"color:black;\" class=\"rpt_feature rpt_feature_2-0\">3 mat\u00e9rias por dia em 30 sites\r<\/div><div style=\"color:black;\" class=\"rpt_feature rpt_feature_2-1\">Publica\u00e7\u00f5es com at\u00e9 10 sites especificados (quando o cliente desejar publicar apenas em sites espec\u00edficos)\r<\/div><div style=\"color:black;\" class=\"rpt_feature rpt_feature_2-2\">3 publica\u00e7\u00f5es em sites internacionais por m\u00eas\r<\/div><div style=\"color:black;\" class=\"rpt_feature rpt_feature_2-3\">30% de desconto em qualquer produto da Moreira<\/div><\/div><a target=\"_blank\" href=\"https:\/\/wa.me\/5521996388055?text=Ol%C3%A1%21+Gostaria+de+saber+mais+sobre+o+plano+Moreira+Newswire\" style=\"background:#009fc8\" class=\"rpt_foot rpt_foot_2\">Saiba mais<\/a><\/div><div class=\"rpt_plan  rpt_plugin_f rpt_plan_3  \"><div style=\"text-align:center;\" class=\"rpt_title rpt_title_3\">Plus<\/div><div class=\"rpt_head rpt_head_3\"><div class=\"rpt_recurrence rpt_recurrence_3\">mensal<\/div><div class=\"rpt_price rpt_price_3\">R$ 521,40<\/div><div style=\"color:#f7941e;\" class=\"rpt_subtitle rpt_subtitle_3\">Trimestral: 3x de R$ 443,19<\/div><div class=\"rpt_description rpt_description_3\">Anual: 12x de R$ 417,12<\/div><\/div><div class=\"rpt_features rpt_features_3\"><div style=\"color:black;\" class=\"rpt_feature rpt_feature_3-0\">3 mat\u00e9rias por dia em 30 sites\r<\/div><div style=\"color:black;\" class=\"rpt_feature rpt_feature_3-1\">10 publica\u00e7\u00f5es em sites internacionais por m\u00eas\r<\/div><div style=\"color:black;\" class=\"rpt_feature rpt_feature_3-2\">Publica\u00e7\u00f5es com at\u00e9 10 sites especificados (quando o cliente desejar publicar apenas em sites espec\u00edficos)\r<\/div><div style=\"color:black;\" class=\"rpt_feature rpt_feature_3-3\">40% de desconto em qualquer produto da Moreira<\/div><\/div><a target=\"_blank\" href=\"https:\/\/wa.me\/5521996388055?text=Ol%C3%A1%21+Gostaria+de+saber+mais+sobre+o+plano+Moreira+Newswire\" style=\"background:#f7941e\" class=\"rpt_foot rpt_foot_3\">Saiba mais<\/a><\/div><\/div><\/div><div style=\"clear:both;\"><\/div><\/div>\n\t\t\t\t\t\t<\/div>\n\t\t\t\t<\/div>\n\t\t\t\t\t<\/div>\n\t\t\t\t<\/div>\n\t\t<div class=\"elementor-element elementor-element-5044076 e-flex e-con-boxed e-con e-parent\" data-id=\"5044076\" data-element_type=\"container\" data-e-type=\"container\">\n\t\t\t\t\t<div class=\"e-con-inner\">\n\t\t\t\t<div class=\"elementor-element elementor-element-2b1076d elementor-widget elementor-widget-spacer\" data-id=\"2b1076d\" data-element_type=\"widget\" data-e-type=\"widget\" data-widget_type=\"spacer.default\">\n\t\t\t\t<div class=\"elementor-widget-container\">\n\t\t\t\t\t\t\t<div class=\"elementor-spacer\">\n\t\t\t<div class=\"elementor-spacer-inner\"><\/div>\n\t\t<\/div>\n\t\t\t\t\t\t<\/div>\n\t\t\t\t<\/div>\n\t\t\t\t<div class=\"elementor-element elementor-element-68f5d97 elementor-widget elementor-widget-heading\" data-id=\"68f5d97\" data-element_type=\"widget\" data-e-type=\"widget\" data-widget_type=\"heading.default\">\n\t\t\t\t<div class=\"elementor-widget-container\">\n\t\t\t\t\t<h2 class=\"elementor-heading-title elementor-size-default\">Pacotes Premium<\/h2>\t\t\t\t<\/div>\n\t\t\t\t<\/div>\n\t\t\t\t<div class=\"elementor-element elementor-element-13ae87e elementor-widget elementor-widget-shortcode\" data-id=\"13ae87e\" data-element_type=\"widget\" data-e-type=\"widget\" data-widget_type=\"shortcode.default\">\n\t\t\t\t<div class=\"elementor-widget-container\">\n\t\t\t\t\t\t\t<div class=\"elementor-shortcode\"><div id=\"rpt_pricr\" class=\"rpt_plans rpt_4_plans rpt_style_basic\"><div class=\"\"><div class=\"rpt_plan  rpt_plugin_f rpt_plan_0  \"><div style=\"text-align:center;\" class=\"rpt_title rpt_title_0\">Power<\/div><div class=\"rpt_head rpt_head_0\"><div class=\"rpt_recurrence rpt_recurrence_0\">mensal<\/div><div class=\"rpt_price rpt_price_0\">R$ 540,00<\/div><div style=\"color:#f7941e;\" class=\"rpt_subtitle rpt_subtitle_0\">Trimestral: 3x de R$ 459,00<\/div><div class=\"rpt_description rpt_description_0\">Anual: 12x de R$ 432,00<\/div><\/div><div class=\"rpt_features rpt_features_0\"><div style=\"color:black;\" class=\"rpt_feature rpt_feature_0-0\">3 mat\u00e9rias por dia em 30 sites\r<\/div><div style=\"color:black;\" class=\"rpt_feature rpt_feature_0-1\">15 publica\u00e7\u00f5es em sites internacionais por m\u00eas\r<\/div><div style=\"color:black;\" class=\"rpt_feature rpt_feature_0-2\">Publica\u00e7\u00f5es com at\u00e9 10 sites especificados (quando o cliente desejar publicar apenas em sites espec\u00edficos)\r<\/div><div style=\"color:black;\" class=\"rpt_feature rpt_feature_0-3\">50% de desconto em qualquer produto da Moreira<\/div><\/div><a target=\"_blank\" href=\"https:\/\/wa.me\/5521996388055?text=Ol%C3%A1%21+Gostaria+de+saber+mais+sobre+o+plano+Moreira+Newswire\" style=\"background:#f7941e\" class=\"rpt_foot rpt_foot_0\">Saiba mais<\/a><\/div><div class=\"rpt_plan  rpt_plugin_f rpt_plan_1  \"><div style=\"text-align:center;\" class=\"rpt_title rpt_title_1\">Prime<\/div><div class=\"rpt_head rpt_head_1\"><div class=\"rpt_recurrence rpt_recurrence_1\">mensal<\/div><div class=\"rpt_price rpt_price_1\">R$ 560,00<\/div><div style=\"color:#009fc8;\" class=\"rpt_subtitle rpt_subtitle_1\">Trimestral: 3x de R$ 476,00<\/div><div class=\"rpt_description rpt_description_1\">Anual: 12x de R$ 448,00<\/div><\/div><div class=\"rpt_features rpt_features_1\"><div style=\"color:black;\" class=\"rpt_feature rpt_feature_1-0\">5 mat\u00e9rias por dia em 30 sites\r<\/div><div style=\"color:black;\" class=\"rpt_feature rpt_feature_1-1\">25 publica\u00e7\u00f5es em sites internacionais por m\u00eas\r<\/div><div style=\"color:black;\" class=\"rpt_feature rpt_feature_1-2\">Publica\u00e7\u00f5es com at\u00e9 10 sites especificados (quando o cliente desejar publicar apenas em sites espec\u00edficos)\r<\/div><div style=\"color:black;\" class=\"rpt_feature rpt_feature_1-3\">60% de desconto em qualquer produto da Moreira<\/div><\/div><a target=\"_blank\" href=\"https:\/\/wa.me\/5521996388055?text=Ol%C3%A1%21+Gostaria+de+saber+mais+sobre+o+plano+Moreira+Newswire\" style=\"background:#009fc8\" class=\"rpt_foot rpt_foot_1\">Saiba mais<\/a><\/div><div class=\"rpt_plan  rpt_plugin_f rpt_plan_2  \"><div style=\"text-align:center;\" class=\"rpt_title rpt_title_2\">Prime 45<\/div><div class=\"rpt_head rpt_head_2\"><div class=\"rpt_recurrence rpt_recurrence_2\">mensal<\/div><div class=\"rpt_price rpt_price_2\">R$ 650,00<\/div><div style=\"color:#f7941e;\" class=\"rpt_subtitle rpt_subtitle_2\">Trimestral: 3x de R$ 552,50<\/div><div class=\"rpt_description rpt_description_2\">Anual: 12x de R$ 520,00<\/div><\/div><div class=\"rpt_features rpt_features_2\"><div style=\"color:black;\" class=\"rpt_feature rpt_feature_2-0\">5 mat\u00e9rias por dia em 45 sites\r<\/div><div style=\"color:black;\" class=\"rpt_feature rpt_feature_2-1\">30 publica\u00e7\u00f5es em sites internacionais por m\u00eas\r<\/div><div style=\"color:black;\" class=\"rpt_feature rpt_feature_2-2\">Publica\u00e7\u00f5es com at\u00e9 10 sites especificados (quando o cliente desejar publicar apenas em sites espec\u00edficos)\r<\/div><div style=\"color:black;\" class=\"rpt_feature rpt_feature_2-3\">70% de desconto em qualquer produto da Moreira<\/div><\/div><a target=\"_blank\" href=\"https:\/\/wa.me\/5521996388055?text=Ol%C3%A1%21+Gostaria+de+saber+mais+sobre+o+plano+Moreira+Newswire\" style=\"background:#f7941e\" class=\"rpt_foot rpt_foot_2\">Saiba mais<\/a><\/div><div class=\"rpt_plan  rpt_plugin_f rpt_plan_3  \"><div style=\"text-align:center;\" class=\"rpt_title rpt_title_3\">Mega<\/div><div class=\"rpt_head rpt_head_3\"><div class=\"rpt_recurrence rpt_recurrence_3\">mensal<\/div><div class=\"rpt_price rpt_price_3\">R$ 1.750<\/div><div style=\"color:#009fc8;\" class=\"rpt_subtitle rpt_subtitle_3\">Trimestral: 3x de R$ 1.487,50<\/div><div class=\"rpt_description rpt_description_3\">Anual: 12x de R$ 1.400,00<\/div><\/div><div class=\"rpt_features rpt_features_3\"><div style=\"color:black;\" class=\"rpt_feature rpt_feature_3-0\">10 mat\u00e9rias por dia em 50 sites\r<\/div><div style=\"color:black;\" class=\"rpt_feature rpt_feature_3-1\">40 publica\u00e7\u00f5es em sites internacionais por m\u00eas\r<\/div><div style=\"color:black;\" class=\"rpt_feature rpt_feature_3-2\">Publica\u00e7\u00f5es com at\u00e9 10 sites especificados (quando o cliente desejar publicar apenas em sites espec\u00edficos)\r<\/div><div style=\"color:black;\" class=\"rpt_feature rpt_feature_3-3\">80% de desconto em qualquer produto da Moreira<\/div><\/div><a target=\"_blank\" href=\"https:\/\/wa.me\/5521996388055?text=Ol%C3%A1%21+Gostaria+de+saber+mais+sobre+o+plano+Moreira+Newswire\" style=\"background:#009fc8\" class=\"rpt_foot rpt_foot_3\">Saiba mais<\/a><\/div><\/div><\/div><div style=\"clear:both;\"><\/div><\/div>\n\t\t\t\t\t\t<\/div>\n\t\t\t\t<\/div>\n\t\t\t\t\t<\/div>\n\t\t\t\t<\/div>\n\t\t\t\t<\/div>\n\t\t","protected":false},"excerpt":{"rendered":"<p>Garanta seu nome e amplie o conhecimento do seu neg\u00f3cio atrav\u00e9s de artigos na m\u00eddia! Um comunicado de imprensa \u00e9 uma ferramenta de comunica\u00e7\u00e3o para a divulga\u00e7\u00e3o de informa\u00e7\u00f5es cr\u00edticas, que podem ser uma apresenta\u00e7\u00e3o de uma empresa, um produto, um evento ou qualquer acontecimento de interesse p\u00fablico, lan\u00e7amento, e \u00e9 interessante que seja produzido [&hellip;]<\/p>\n","protected":false},"author":1,"featured_media":0,"parent":0,"menu_order":0,"comment_status":"closed","ping_status":"closed","template":"","meta":{"_monsterinsights_skip_tracking":false,"_monsterinsights_sitenote_active":false,"_monsterinsights_sitenote_note":"","_monsterinsights_sitenote_category":0,"footnotes":""},"class_list":["post-5569","page","type-page","status-publish","hentry"],"acf":[],"yoast_head":"<!-- This site is optimized with the Yoast SEO plugin v27.4 - https:\/\/yoast.com\/product\/yoast-seo-wordpress\/ -->\n<title>Pacotes &amp; Servi\u00e7os - Moreira Newswire<\/title>\n<meta name=\"robots\" content=\"index, follow, max-snippet:-1, max-image-preview:large, max-video-preview:-1\" \/>\n<link rel=\"canonical\" href=\"https:\/\/newswire.mcomglobal.com\/?page_id=5569\" \/>\n<meta property=\"og:locale\" content=\"pt_BR\" \/>\n<meta property=\"og:type\" content=\"article\" \/>\n<meta property=\"og:title\" content=\"Pacotes &amp; Servi\u00e7os - Moreira Newswire\" \/>\n<meta property=\"og:description\" content=\"Garanta seu nome e amplie o conhecimento do seu neg\u00f3cio atrav\u00e9s de artigos na m\u00eddia! Um comunicado de imprensa \u00e9 uma ferramenta de comunica\u00e7\u00e3o para a divulga\u00e7\u00e3o de informa\u00e7\u00f5es cr\u00edticas, que podem ser uma apresenta\u00e7\u00e3o de uma empresa, um produto, um evento ou qualquer acontecimento de interesse p\u00fablico, lan\u00e7amento, e \u00e9 interessante que seja produzido [&hellip;]\" \/>\n<meta property=\"og:url\" content=\"https:\/\/newswire.mcomglobal.com\/?page_id=5569\" \/>\n<meta property=\"og:site_name\" content=\"Moreira Newswire\" \/>\n<meta property=\"article:modified_time\" content=\"2025-08-25T16:32:53+00:00\" \/>\n<meta name=\"twitter:card\" content=\"summary_large_image\" \/>\n<meta name=\"twitter:label1\" content=\"Est. tempo de leitura\" \/>\n\t<meta name=\"twitter:data1\" content=\"2 minutos\" \/>\n<script type=\"application\/ld+json\" class=\"yoast-schema-graph\">{\"@context\":\"https:\\\/\\\/schema.org\",\"@graph\":[{\"@type\":\"WebPage\",\"@id\":\"https:\\\/\\\/newswire.mcomglobal.com\\\/?page_id=5569\",\"url\":\"https:\\\/\\\/newswire.mcomglobal.com\\\/?page_id=5569\",\"name\":\"Pacotes & Servi\u00e7os - Moreira Newswire\",\"isPartOf\":{\"@id\":\"https:\\\/\\\/newswire.mcomglobal.com\\\/#website\"},\"datePublished\":\"2024-11-15T19:36:46+00:00\",\"dateModified\":\"2025-08-25T16:32:53+00:00\",\"breadcrumb\":{\"@id\":\"https:\\\/\\\/newswire.mcomglobal.com\\\/?page_id=5569#breadcrumb\"},\"inLanguage\":\"pt-BR\",\"potentialAction\":[{\"@type\":\"ReadAction\",\"target\":[\"https:\\\/\\\/newswire.mcomglobal.com\\\/?page_id=5569\"]}]},{\"@type\":\"BreadcrumbList\",\"@id\":\"https:\\\/\\\/newswire.mcomglobal.com\\\/?page_id=5569#breadcrumb\",\"itemListElement\":[{\"@type\":\"ListItem\",\"position\":1,\"name\":\"Home\",\"item\":\"https:\\\/\\\/newswire.mcomglobal.com\\\/\"},{\"@type\":\"ListItem\",\"position\":2,\"name\":\"Pacotes &#038; Servi\u00e7os\"}]},{\"@type\":\"WebSite\",\"@id\":\"https:\\\/\\\/newswire.mcomglobal.com\\\/#website\",\"url\":\"https:\\\/\\\/newswire.mcomglobal.com\\\/\",\"name\":\"Moreira Newswire\",\"description\":\"\",\"publisher\":{\"@id\":\"https:\\\/\\\/newswire.mcomglobal.com\\\/#organization\"},\"potentialAction\":[{\"@type\":\"SearchAction\",\"target\":{\"@type\":\"EntryPoint\",\"urlTemplate\":\"https:\\\/\\\/newswire.mcomglobal.com\\\/?s={search_term_string}\"},\"query-input\":{\"@type\":\"PropertyValueSpecification\",\"valueRequired\":true,\"valueName\":\"search_term_string\"}}],\"inLanguage\":\"pt-BR\"},{\"@type\":\"Organization\",\"@id\":\"https:\\\/\\\/newswire.mcomglobal.com\\\/#organization\",\"name\":\"Moreira Newswire\",\"url\":\"https:\\\/\\\/newswire.mcomglobal.com\\\/\",\"logo\":{\"@type\":\"ImageObject\",\"inLanguage\":\"pt-BR\",\"@id\":\"https:\\\/\\\/newswire.mcomglobal.com\\\/#\\\/schema\\\/logo\\\/image\\\/\",\"url\":\"https:\\\/\\\/newswire.mcomglobal.com\\\/wp-content\\\/uploads\\\/2024\\\/11\\\/cropped-CLIENTE-Copia.png\",\"contentUrl\":\"https:\\\/\\\/newswire.mcomglobal.com\\\/wp-content\\\/uploads\\\/2024\\\/11\\\/cropped-CLIENTE-Copia.png\",\"width\":512,\"height\":512,\"caption\":\"Moreira Newswire\"},\"image\":{\"@id\":\"https:\\\/\\\/newswire.mcomglobal.com\\\/#\\\/schema\\\/logo\\\/image\\\/\"}}]}<\/script>\n<!-- \/ Yoast SEO plugin. -->","yoast_head_json":{"title":"Pacotes & Servi\u00e7os - Moreira Newswire","robots":{"index":"index","follow":"follow","max-snippet":"max-snippet:-1","max-image-preview":"max-image-preview:large","max-video-preview":"max-video-preview:-1"},"canonical":"https:\/\/newswire.mcomglobal.com\/?page_id=5569","og_locale":"pt_BR","og_type":"article","og_title":"Pacotes & Servi\u00e7os - Moreira Newswire","og_description":"Garanta seu nome e amplie o conhecimento do seu neg\u00f3cio atrav\u00e9s de artigos na m\u00eddia! Um comunicado de imprensa \u00e9 uma ferramenta de comunica\u00e7\u00e3o para a divulga\u00e7\u00e3o de informa\u00e7\u00f5es cr\u00edticas, que podem ser uma apresenta\u00e7\u00e3o de uma empresa, um produto, um evento ou qualquer acontecimento de interesse p\u00fablico, lan\u00e7amento, e \u00e9 interessante que seja produzido [&hellip;]","og_url":"https:\/\/newswire.mcomglobal.com\/?page_id=5569","og_site_name":"Moreira Newswire","article_modified_time":"2025-08-25T16:32:53+00:00","twitter_card":"summary_large_image","twitter_misc":{"Est. tempo de leitura":"2 minutos"},"schema":{"@context":"https:\/\/schema.org","@graph":[{"@type":"WebPage","@id":"https:\/\/newswire.mcomglobal.com\/?page_id=5569","url":"https:\/\/newswire.mcomglobal.com\/?page_id=5569","name":"Pacotes & Servi\u00e7os - Moreira Newswire","isPartOf":{"@id":"https:\/\/newswire.mcomglobal.com\/#website"},"datePublished":"2024-11-15T19:36:46+00:00","dateModified":"2025-08-25T16:32:53+00:00","breadcrumb":{"@id":"https:\/\/newswire.mcomglobal.com\/?page_id=5569#breadcrumb"},"inLanguage":"pt-BR","potentialAction":[{"@type":"ReadAction","target":["https:\/\/newswire.mcomglobal.com\/?page_id=5569"]}]},{"@type":"BreadcrumbList","@id":"https:\/\/newswire.mcomglobal.com\/?page_id=5569#breadcrumb","itemListElement":[{"@type":"ListItem","position":1,"name":"Home","item":"https:\/\/newswire.mcomglobal.com\/"},{"@type":"ListItem","position":2,"name":"Pacotes &#038; Servi\u00e7os"}]},{"@type":"WebSite","@id":"https:\/\/newswire.mcomglobal.com\/#website","url":"https:\/\/newswire.mcomglobal.com\/","name":"Moreira Newswire","description":"","publisher":{"@id":"https:\/\/newswire.mcomglobal.com\/#organization"},"potentialAction":[{"@type":"SearchAction","target":{"@type":"EntryPoint","urlTemplate":"https:\/\/newswire.mcomglobal.com\/?s={search_term_string}"},"query-input":{"@type":"PropertyValueSpecification","valueRequired":true,"valueName":"search_term_string"}}],"inLanguage":"pt-BR"},{"@type":"Organization","@id":"https:\/\/newswire.mcomglobal.com\/#organization","name":"Moreira Newswire","url":"https:\/\/newswire.mcomglobal.com\/","logo":{"@type":"ImageObject","inLanguage":"pt-BR","@id":"https:\/\/newswire.mcomglobal.com\/#\/schema\/logo\/image\/","url":"https:\/\/newswire.mcomglobal.com\/wp-content\/uploads\/2024\/11\/cropped-CLIENTE-Copia.png","contentUrl":"https:\/\/newswire.mcomglobal.com\/wp-content\/uploads\/2024\/11\/cropped-CLIENTE-Copia.png","width":512,"height":512,"caption":"Moreira Newswire"},"image":{"@id":"https:\/\/newswire.mcomglobal.com\/#\/schema\/logo\/image\/"}}]}},"_links":{"self":[{"href":"https:\/\/newswire.mcomglobal.com\/index.php?rest_route=\/wp\/v2\/pages\/5569","targetHints":{"allow":["GET"]}}],"collection":[{"href":"https:\/\/newswire.mcomglobal.com\/index.php?rest_route=\/wp\/v2\/pages"}],"about":[{"href":"https:\/\/newswire.mcomglobal.com\/index.php?rest_route=\/wp\/v2\/types\/page"}],"author":[{"embeddable":true,"href":"https:\/\/newswire.mcomglobal.com\/index.php?rest_route=\/wp\/v2\/users\/1"}],"replies":[{"embeddable":true,"href":"https:\/\/newswire.mcomglobal.com\/index.php?rest_route=%2Fwp%2Fv2%2Fcomments&post=5569"}],"version-history":[{"count":29,"href":"https:\/\/newswire.mcomglobal.com\/index.php?rest_route=\/wp\/v2\/pages\/5569\/revisions"}],"predecessor-version":[{"id":6069,"href":"https:\/\/newswire.mcomglobal.com\/index.php?rest_route=\/wp\/v2\/pages\/5569\/revisions\/6069"}],"wp:attachment":[{"href":"https:\/\/newswire.mcomglobal.com\/index.php?rest_route=%2Fwp%2Fv2%2Fmedia&parent=5569"}],"curies":[{"name":"wp","href":"https:\/\/api.w.org\/{rel}","templated":true}]}}